{"id":388,"date":"2017-01-02T19:32:36","date_gmt":"2017-01-02T19:32:36","guid":{"rendered":"http:\/\/www.fmart.de\/?page_id=388"},"modified":"2017-02-18T18:51:46","modified_gmt":"2017-02-18T18:51:46","slug":"wir","status":"publish","type":"page","link":"http:\/\/www.fmart.de\/?page_id=388","title":{"rendered":"Wir"},"content":{"rendered":"<p>Unser Tester Team besteht aus Erwachsenen (m\u00e4nnlich &#038; weiblich), sowie Kleinkinder und Teenager. Alle Produkte werden immer von mehreren Testpersonen gepr\u00fcft und bewertet. Die Ergebnisse werden anschlie\u00dfend in einer Teamsitzung besprochen und in einem Testbericht zusammengefasst.<\/p>\n<p>Als Tester Familie haben wir uns als Ziel gesetzt, Produkte nicht nur zu testen sondern auch dabei zu helfen diese bekannt zu machen.<\/p>\n","protected":false},"excerpt":{"rendered":"<p>Unser Tester Team besteht aus Erwachsenen (m\u00e4nnlich &#038; weiblich), sowie Kleinkinder und Teenager. Alle Produkte werden immer von mehreren Testpersonen gepr\u00fcft und bewertet. Die Ergebnisse werden anschlie\u00dfend in einer Teamsitzung besprochen und in einem Testbericht zusammengefasst. Als Tester Familie haben wir uns als Ziel gesetzt, Produkte nicht nur zu testen sondern auch dabei zu helfen [&hellip;]<\/p>\n","protected":false},"author":1,"featured_media":0,"parent":0,"menu_order":0,"comment_status":"closed","ping_status":"closed","template":"","meta":[],"_links":{"self":[{"href":"http:\/\/www.fmart.de\/index.php?rest_route=\/wp\/v2\/pages\/388"}],"collection":[{"href":"http:\/\/www.fmart.de\/index.php?rest_route=\/wp\/v2\/pages"}],"about":[{"href":"http:\/\/www.fmart.de\/index.php?rest_route=\/wp\/v2\/types\/page"}],"author":[{"embeddable":true,"href":"http:\/\/www.fmart.de\/index.php?rest_route=\/wp\/v2\/users\/1"}],"replies":[{"embeddable":true,"href":"http:\/\/www.fmart.de\/index.php?rest_route=%2Fwp%2Fv2%2Fcomments&post=388"}],"version-history":[{"count":5,"href":"http:\/\/www.fmart.de\/index.php?rest_route=\/wp\/v2\/pages\/388\/revisions"}],"predecessor-version":[{"id":440,"href":"http:\/\/www.fmart.de\/index.php?rest_route=\/wp\/v2\/pages\/388\/revisions\/440"}],"wp:attachment":[{"href":"http:\/\/www.fmart.de\/index.php?rest_route=%2Fwp%2Fv2%2Fmedia&parent=388"}],"curies":[{"name":"wp","href":"https:\/\/api.w.org\/{rel}","templated":true}]}}