{"id":193,"date":"2019-01-13T17:01:50","date_gmt":"2019-01-13T17:01:50","guid":{"rendered":"http:\/\/www.fmart.de\/0dom\/home\/?page_id=193"},"modified":"2022-03-06T23:25:38","modified_gmt":"2022-03-06T23:25:38","slug":"datenschutzerklaerung-fuer-alle-blogs","status":"publish","type":"page","link":"http:\/\/www.fmart.de\/0dom\/home\/?page_id=193","title":{"rendered":"Datenschutzerkl\u00e4rung \/Impressum"},"content":{"rendered":"<p><strong>Impressum<\/strong><\/p>\n<p><strong>Verantwortlich<\/strong><\/p>\n<p>F\u00fcr den\u00a0 Ohrwurmblog von Danilo Matzke \u00a0ist<\/p>\n<p>Danilo Matzke<\/p>\n<p>04347 Leipzig, Deutschland,<\/p>\n<p>Email: danilo.matzke@gmail.com.<\/p>\n<p><strong>Haftungshinweis<\/strong> : Danilo Matzke \u00a0\u00fcbernimmt keine Verantwortung f\u00fcr die Inhalte von Internetseiten Dritter, die \u00fcber Links erreicht werden. Trotz sorgf\u00e4ltiger inhaltlicher Kontrolle \u00fcbernehmen D. Matzke \u00a0keine Haftung f\u00fcr die Inhalte externer Links. F\u00fcr den Inhalt der verlinkten Seiten sind ausschlie\u00dflich deren Betreiber verantwortlich.<br \/>\nDer gesamte Inhalt der Seite, sowie alles was den Namen \u201eDanilo Matzke\u201c tr\u00e4gt, verfolgt keine politische bzw. propagandistische Absicht. Durch die Digitalisierung von Daten k\u00f6nnen Fehler auftreten. Beim Einsatz unterschiedlicher Browser f\u00fcr das World Wide Web und aufgrund unterschiedlicher Software-Einstellungen kann es bei der Darstellung der Daten zu Abweichungen kommen.<\/p>\n<p><strong>Erkl\u00e4rung:<\/strong> Mit dem Urteil vom 12. Mai 1998 hat das Landgericht Hamburg entschieden, dass man durch die Anbringung eines Links die Inhalte der gelinkten Seite ggf. mit zu verantworten hat. Dies kann &#8211; so das LG &#8211; nur dadurch verhindert werden, dass man sich ausdr\u00fccklich von diesen Inhalten distanziert. F\u00fcr alle Links dieser Homepage gilt: D. Matzke m\u00f6chten ausdr\u00fccklich betonen, dass ich keinerlei Einfluss auf die Gestaltung und Inhalte der gelinkten Seiten haben. Deshalb distanziere ich mich hiermit ausdr\u00fccklich von allen Inhalten aller gelinkten Seiten auf icherer Homepage. Diese Erkl\u00e4rung gilt f\u00fcr alle Links, die Sie \u00fcber diese Web-Seiten erreichen.<\/p>\n<p><strong>Datenschutzerkl\u00e4rung<\/strong><\/p>\n<p>Diese Datenschutzerkl\u00e4rung kl\u00e4rt Sie \u00fcber die Art, den Umfang und Zweck der Verarbeitung von personenbezogenen Daten (nachfolgend kurz &#8222;Daten&#8220;) innerhalb icheres Onlineangebotes und der mit ihm verbundenen Webseiten, Funktionen und Inhalte. Im Hinblick auf die verwendeten Begrifflichkeiten, wie z.B. &#8222;Verarbeitung&#8220; oder &#8222;Verantwortlicher&#8220; verweisen Ich auf die Definitionen im Art. 4 der Datenschutzgrundverordnung (DSGVO).<\/p>\n<p><strong>Verantwortlicher<\/strong><\/p>\n<p>F\u00fcr den\u00a0 Ohrwurmblog von Danilo Matzke ist<br \/>\nDanilo Matzke<\/p>\n<p>Deutschland<br \/>\ndanilo.matzke@gmail.com<\/p>\n<p><strong>Erstellung von Logfiles<\/strong><\/p>\n<p>Bei jedem Aufruf des Bloges werden durch den Provider automatisch Daten erfasst und in Logfiles auf dessen Server gespeichert.<\/p>\n<p><strong>Es handelt sich hierbei um folgende Daten:<\/strong><br \/>\n&#8211; Der Browsertyp und die verwendete Version<br \/>\n&#8211; Die Domain, von welcher aus der Zugriff erfolgte<br \/>\n&#8211; Die IP-Adresse des Nutzers<br \/>\n&#8211; Die Seiten und Elemente icherer Webseite, auf die vom Nutzer zugegriffen wurde<br \/>\n&#8211; Datum und Uhrzeit des Zugriffs<\/p>\n<p>Diese Daten werden vom Provider statistisch aufbereitet und k\u00f6nnen in dieser Form von mir eingesehen werden. Eine Speicherung dieser Daten zusammen mit anderen personenbezogenen Daten des Nutzers findet nicht statt.<\/p>\n<p>Die vor\u00fcbergehende Speicherung der IP-Adresse durch das System ist notwendig, um eine Auslieferung der Webseite an den Rechner des Nutzers zu erm\u00f6glichen. Zudem dient sie der Erkennung von Angriffen. Eine Speicherung f\u00fcr diese Zwecke erfolgt f\u00fcr maximal sieben Tage.<\/p>\n<p>Die Erfassung der Daten zur Bereitstellung der Webseite und die Speicherung der Daten in Logfiles ist f\u00fcr den Betrieb des Bloges zwingend erforderlich. Es besteht folglich in diesem Fall seitens des Nutzers keine Widerspruchsm\u00f6glichkeit.<\/p>\n<p><strong>Pers\u00f6nliche Daten und E-Mail<\/strong><\/p>\n<p>Eine Erhebung pers\u00f6nlicher Daten beim Besuch meines \u00a0Bloges findet nicht statt.<br \/>\nZur Kontaktaufnahme wird eine E-Mail-Adresse bereitgestellt. Wenn Sie diese benutzen, um mit mir in Verbindung zu treten, werden die dabei durch Sie \u00fcbermittelten personenbezogenen Daten gespeichert. Sie werden ausschlie\u00dflich f\u00fcr die Bearbeitung der Kontaktaufnahme verwendet und von mir nicht an Dritte weitergegeben. Die Daten werden gel\u00f6scht, wenn der Sachverhalt, der zur Aufnahme des Kontaktes f\u00fchrte, abschlie\u00dfend gekl\u00e4rt ist.<\/p>\n<p>Der Nutzer hat jederzeit die M\u00f6glichkeit, seine Einwilligung zur Verarbeitung der per E-Mail \u00fcbermittelten personenbezogenen Daten zu widerrufen. Alle personenbezogenen Daten, die im Zuge der Kontaktaufnahme gespeichert wurden, werden in diesem Fall gel\u00f6scht.<br \/>\n<strong>Externe Links<\/strong><\/p>\n<p>An einigen Stellen meines Bloges befinden sich Verweise auf fremde Internetangebote, auf deren Umgang mit personenbezogenen Daten ich keinerlei Einfluss haben. F\u00fcr eventuelle Verst\u00f6\u00dfe der Anbieter dieser Internetseiten gegen geltendes Datenschutzrecht \u00fcbernehmen ich daher keine Verantwortung<\/p>\n<p><strong>Cookies <\/strong><\/p>\n<p>Als &#8222;Cookies&#8220; werden kleine Dateien bezeichnet, die auf Rechnern der Nutzer gespeichert werden.<\/p>\n<p>Cookies werden von dem Blog<strong> nicht<\/strong> eingesetzt!<\/p>\n<p><strong>Google Analytik \u00a0<\/strong><\/p>\n<p>Die Nutzung dieses Google Dienstes wurde gek\u00fcndigt und alle Konten dort gel\u00f6scht<\/p>\n<p><strong>Ma\u00dfgebliche Rechtsgrundlagen<\/strong><\/p>\n<p>Nach Ma\u00dfgabe des Art. 13 DSGVO teilen ich Ihnen die Rechtsgrundlagen meiner Datenverarbeitungen mit. Sofern die Rechtsgrundlage in der Datenschutzerkl\u00e4rung nicht genannt wird, gilt Folgendes: Die Rechtsgrundlage f\u00fcr die Einholung von Einwilligungen ist Art. 6 Abs. 1 lit. a und Art. 7 DSGVO, die Rechtsgrundlage f\u00fcr die Verarbeitung zur Erf\u00fcllung meiner Leistungen und Durchf\u00fchrung vertraglicher Ma\u00dfnahmen sowie Beantwortung von Anfragen ist Art. 6 Abs. 1 lit. b DSGVO, die Rechtsgrundlage f\u00fcr die Verarbeitung zur Erf\u00fcllung meiner rechtlichen Verpflichtungen ist Art. 6 Abs. 1 lit. c DSGVO, und die Rechtsgrundlage f\u00fcr die Verarbeitung zur Wahrung meiner berechtigten Interessen ist Art. 6 Abs. 1 lit. f DSGVO. F\u00fcr den Fall, dass lebenswichtige Interessen der betroffenen Person oder einer anderen nat\u00fcrlichen Person eine Verarbeitung personenbezogener Daten erforderlich machen, dient Art. 6 Abs. 1 lit. d DSGVO als Rechtsgrundlage.<\/p>\n<p><strong>Sicherheitsma\u00dfnahmen<\/strong><\/p>\n<p>Ich treffen nach Ma\u00dfgabe des Art. 32 DSGVO unter Ber\u00fccksichtigung des Stands der Technik, der Implementierungskosten und der Art, des Umfangs, der Umst\u00e4nde und der Zwecke der Verarbeitung sowie der unterschiedlichen Eintrittswahrscheinlichkeit und Schwere des Risikos f\u00fcr die Rechte und Freiheiten nat\u00fcrlicher Personen, geeignete technische und organisatorische Ma\u00dfnahmen, um ein dem Risiko angemessenes Schutzniveau zu gew\u00e4hrleisten.<br \/>\nFerner ber\u00fccksichtige ich den Schutz personenbezogener Daten bereits bei der Entwicklung, bzw. Auswahl von Hardware, Software sowie Verfahren, entsprechend dem Prinzip des Datenschutzes durch Technikgestaltung und durch datenschutzfreundliche Voreinstellungen (Art. 25 DSGVO).<\/p>\n<p><strong>Rechte der betroffenen Personen<\/strong><\/p>\n<p>Sie haben das Recht, eine Best\u00e4tigung dar\u00fcber zu verlangen, ob betreffende Daten verarbeitet werden und auf Auskunft \u00fcber diese Daten sowie auf weitere Informationen und Kopie der Daten entsprechend Art. 15 DSGVO.<\/p>\n<p>Sie haben entsprechend. Art. 16 DSGVO das Recht, die Vervollst\u00e4ndigung der Sie betreffenden Daten oder die Berichtigung der Sie betreffenden unrichtigen Daten zu verlangen.<\/p>\n<p>Sie haben nach Ma\u00dfgabe des Art. 17 DSGVO das Recht zu verlangen, dass betreffende Daten unverz\u00fcglich gel\u00f6scht werden, bzw. alternativ nach Ma\u00dfgabe des Art. 18 DSGVO eine Einschr\u00e4nkung der Verarbeitung der Daten zu verlangen.<\/p>\n<p>Sie haben das Recht zu verlangen, dass die Sie betreffenden Daten, die Sie ich bereitgestellt haben nach Ma\u00dfgabe des Art. 20 DSGVO zu erhalten und deren \u00dcbermittlung an andere Verantwortliche zu fordern.<\/p>\n<p>Sie haben ferner gem. Art. 77 DSGVO das Recht, eine Beschwerde bei der zust\u00e4ndigen Aufsichtsbeh\u00f6rde einzureichen.<\/p>\n<p><strong>Widerrufsrecht<\/strong><\/p>\n<p>Sie haben das Recht, erteilte Einwilligungen gem. Art. 7 Abs. 3 DSGVO mit Wirkung f\u00fcr die Zukunft zu widerrufen<\/p>\n<p><strong>Widerspruchsrecht<\/strong><\/p>\n<p>Sie k\u00f6nnen der k\u00fcnftigen Verarbeitung der Sie betreffenden Daten nach Ma\u00dfgabe des Art. 21 DSGVO jederzeit widersprechen. Der Widerspruch kann insbesondere gegen die Verarbeitung f\u00fcr Zwecke der Direktwerbung erfolgen.<\/p>\n<p><strong>L\u00f6schung von Daten<\/strong><\/p>\n<p>Die von mir verarbeiteten Daten werden nach Ma\u00dfgabe der Art. 17 und 18 DSGVO gel\u00f6scht oder in ihrer Verarbeitung eingeschr\u00e4nkt. Sofern nicht im Rahmen dieser Datenschutzerkl\u00e4rung ausdr\u00fccklich angegeben, werden die bei ich gespeicherten Daten gel\u00f6scht, sobald sie f\u00fcr ihre Zweckbestimmung nicht mehr erforderlich sind und der L\u00f6schung keine gesetzlichen Aufbewahrungspflichten entgegenstehen. Sofern die Daten nicht gel\u00f6scht werden, weil sie f\u00fcr andere und gesetzlich zul\u00e4ssige Zwecke erforderlich sind, ich deren Verarbeitung eingeschr\u00e4nkt. D.h. die Daten werden gesperrt und nicht f\u00fcr andere Zwecke verarbeitet. Das gilt z.B. f\u00fcr Daten, die aus handels- oder steuerrechtlichen Gr\u00fcnden aufbewahrt werden m\u00fcssen.<\/p>\n<p>Nach gesetzlichen Vorgaben in Deutschland, erfolgt die Aufbewahrung insbesondere fuer 10 Jahre gem\u00e4\u00df \u00a7\u00a7147 Abs. 1 AO, 257 Abs. 1 Nr. 1 und 4, Abs. 4 HGB (B\u00fccher, Aufzeichnungen, Lageberichte, Buchungsbelege, Handelsb\u00fccher, f\u00fcr Besteuerung relevanter Unterlagen, etc.) und 6 Jahre gem\u00e4\u00df \u00a7257 Abs. 1 Nr. 2 und 3, Abs. 4 HGB (Handelsbriefe).<\/p>\n<p>Nach gesetzlichen Vorgaben in \u00d6sterreich erfolgt die Aufbewahrung insbesondere f\u00fcr 7 Jahre gem\u00e4\u00df \u00a7132 Abs. 1 BAO (Buchhaltungsunterlagen, Belege\/Rechnungen, Konten, Belege, Gesch\u00e4ftspapiere, Aufstellung der Einnahmen und Ausgaben, etc.), f\u00fcr 22 Jahre im Zusammenhang mit Grundst\u00fccken und f\u00fcr 10 Jahre bei Unterlagen im Zusammenhang mit elektronisch erbrachten Leistungen, Telekommunikations-, Rundfunk- und Fernsehleistungen, die an Nichtunternehmer in EU-Mitgliedstaaten erbracht werden.<\/p>\n<p><strong>DISCLAIMER<\/strong><\/p>\n<p>Sie akzeptieren alle Risiken und Verantwortung f\u00fcr Verluste, Sch\u00e4den, Kosten und andere Konsequenzen, die direkt oder indirekt aus der Nutzung dieses Bloges und jeglicher Informationen oder Materialien resultieren, die auf dieser Bloges verf\u00fcgbar sind. Danilo Matzke schlie\u00dft im Rahmen des gesetzlichen Rahmens jegliche Haftung gegen\u00fcber Personen aus, die direkt oder indirekt aus der Nutzung dieses Bloges und jeglicher Informationen oder Materialien resultieren, die auf diesem Blog verf\u00fcgbar sind. F\u00fcr weitere Fragen mailen Sie an : <a href=\"mailto:danilo.matz@gmail.com\">danilo.matz@gmail.com<\/a><\/p>\n","protected":false},"excerpt":{"rendered":"<p>Impressum Verantwortlich F\u00fcr den\u00a0 Ohrwurmblog von Danilo Matzke \u00a0ist Danilo Matzke 04347 Leipzig, Deutschland, Email: danilo.matzke@gmail.com. Haftungshinweis : Danilo Matzke \u00a0\u00fcbernimmt keine Verantwortung f\u00fcr die Inhalte von Internetseiten Dritter, die \u00fcber Links erreicht werden. Trotz sorgf\u00e4ltiger inhaltlicher Kontrolle \u00fcbernehmen D. Matzke \u00a0keine Haftung f\u00fcr die Inhalte externer Links. F\u00fcr den Inhalt der verlinkten Seiten sind [&hellip;]<\/p>\n","protected":false},"author":1,"featured_media":0,"parent":0,"menu_order":0,"comment_status":"open","ping_status":"open","template":"","meta":[],"_links":{"self":[{"href":"http:\/\/www.fmart.de\/0dom\/home\/index.php?rest_route=\/wp\/v2\/pages\/193"}],"collection":[{"href":"http:\/\/www.fmart.de\/0dom\/home\/index.php?rest_route=\/wp\/v2\/pages"}],"about":[{"href":"http:\/\/www.fmart.de\/0dom\/home\/index.php?rest_route=\/wp\/v2\/types\/page"}],"author":[{"embeddable":true,"href":"http:\/\/www.fmart.de\/0dom\/home\/index.php?rest_route=\/wp\/v2\/users\/1"}],"replies":[{"embeddable":true,"href":"http:\/\/www.fmart.de\/0dom\/home\/index.php?rest_route=%2Fwp%2Fv2%2Fcomments&post=193"}],"version-history":[{"count":6,"href":"http:\/\/www.fmart.de\/0dom\/home\/index.php?rest_route=\/wp\/v2\/pages\/193\/revisions"}],"predecessor-version":[{"id":207,"href":"http:\/\/www.fmart.de\/0dom\/home\/index.php?rest_route=\/wp\/v2\/pages\/193\/revisions\/207"}],"wp:attachment":[{"href":"http:\/\/www.fmart.de\/0dom\/home\/index.php?rest_route=%2Fwp%2Fv2%2Fmedia&parent=193"}],"curies":[{"name":"wp","href":"https:\/\/api.w.org\/{rel}","templated":true}]}}